{"id":10022,"date":"2021-03-18T12:42:03","date_gmt":"2021-03-18T12:42:03","guid":{"rendered":"http:\/\/dummy.xtemos.com\/woodmart-elementor\/demos\/?page_id=10022"},"modified":"2021-06-14T15:21:42","modified_gmt":"2021-06-14T15:21:42","slug":"beneficii","status":"publish","type":"page","link":"https:\/\/www.abutment.ro\/prezentare\/beneficii\/","title":{"rendered":"Beneficii"},"content":{"rendered":"\t\t<div data-elementor-type=\"wp-page\" data-elementor-id=\"10022\" class=\"elementor elementor-10022\" data-elementor-settings=\"[]\">\n\t\t\t\t\t\t\t<div class=\"elementor-section-wrap\">\n\t\t\t\t\t\t\t<section class=\"elementor-section elementor-top-section elementor-element elementor-element-d70a375 elementor-section-boxed elementor-section-height-default elementor-section-height-default wd-section-disabled\" data-id=\"d70a375\" data-element_type=\"section\">\n\t\t\t\t\t\t<div class=\"elementor-container elementor-column-gap-default\">\n\t\t\t\t\t<div class=\"elementor-column elementor-col-100 elementor-top-column elementor-element elementor-element-68b3753\" data-id=\"68b3753\" data-element_type=\"column\">\n\t\t\t<div class=\"elementor-widget-wrap elementor-element-populated\">\n\t\t\t\t\t\t\t\t<div class=\"elementor-element elementor-element-217c9d3 elementor-widget elementor-widget-spacer\" data-id=\"217c9d3\" data-element_type=\"widget\" data-widget_type=\"spacer.default\">\n\t\t\t\t<div class=\"elementor-widget-container\">\n\t\t\t\t\t<div class=\"elementor-spacer\">\n\t\t\t<div class=\"elementor-spacer-inner\"><\/div>\n\t\t<\/div>\n\t\t\t\t<\/div>\n\t\t\t\t<\/div>\n\t\t\t\t\t<\/div>\n\t\t<\/div>\n\t\t\t\t\t\t\t<\/div>\n\t\t<\/section>\n\t\t\t\t<section class=\"elementor-section elementor-top-section elementor-element elementor-element-e4da19d elementor-section-boxed elementor-section-height-default elementor-section-height-default wd-section-disabled\" data-id=\"e4da19d\" data-element_type=\"section\">\n\t\t\t\t\t\t<div class=\"elementor-container elementor-column-gap-default\">\n\t\t\t\t\t<div class=\"elementor-column elementor-col-100 elementor-top-column elementor-element elementor-element-4004171\" data-id=\"4004171\" data-element_type=\"column\">\n\t\t\t<div class=\"elementor-widget-wrap elementor-element-populated\">\n\t\t\t\t\t\t\t\t<div class=\"elementor-element elementor-element-6a507b3 elementor-widget elementor-widget-wd_title\" data-id=\"6a507b3\" data-element_type=\"widget\" data-widget_type=\"wd_title.default\">\n\t\t\t\t<div class=\"elementor-widget-container\">\n\t\t\t\t\t\t<link rel=\"stylesheet\" id=\"wd-section-title-css\" href=\"https:\/\/www.abutment.ro\/prezentare\/wp-content\/themes\/woodmart\/css\/parts\/el-section-title.min.css?ver=6.0.4\" type=\"text\/css\" media=\"all\" \/> \t\t\t\t\t<div class=\"title-wrapper set-mb-s reset-last-child wd-title-color-primary wd-title-style-default wd-title-size-large text-center\">\n\n\t\t\t\t\t\t\t<div class=\"title-subtitle subtitle-color-primary subtitle-style-default wd-fontsize-xs\">\n\t\t\t\t\tECHIPA ABUTMENT\t\t\t\t<\/div>\n\t\t\t\n\t\t\t<div class=\"liner-continer\">\n\n\t\t\t\t<h4 class=\"woodmart-title-container title wd-fontsize-xxl\">\n\t\t\t\t\tBeneficiile colabor\u0103rii cu noi\t\t\t\t<\/h4>\n\n\t\t\t\t\n\t\t\t<\/div>\n\n\t\t\t\t\t<\/div>\n\t\t\t\t<\/div>\n\t\t\t\t<\/div>\n\t\t\t\t<div class=\"elementor-element elementor-element-264a39a elementor-widget elementor-widget-spacer\" data-id=\"264a39a\" data-element_type=\"widget\" data-widget_type=\"spacer.default\">\n\t\t\t\t<div class=\"elementor-widget-container\">\n\t\t\t\t\t<div class=\"elementor-spacer\">\n\t\t\t<div class=\"elementor-spacer-inner\"><\/div>\n\t\t<\/div>\n\t\t\t\t<\/div>\n\t\t\t\t<\/div>\n\t\t\t\t\t<\/div>\n\t\t<\/div>\n\t\t\t\t\t\t\t<\/div>\n\t\t<\/section>\n\t\t\t\t<section class=\"elementor-section elementor-top-section elementor-element elementor-element-b35662f elementor-section-content-middle wd-section-stretch elementor-section-boxed elementor-section-height-default elementor-section-height-default\" data-id=\"b35662f\" data-element_type=\"section\" data-settings=\"{&quot;background_background&quot;:&quot;classic&quot;,&quot;shape_divider_top&quot;:&quot;waves&quot;,&quot;shape_divider_bottom&quot;:&quot;waves&quot;}\">\n\t\t\t\t\t<div class=\"elementor-shape elementor-shape-top\" data-negative=\"false\">\n\t\t\t<svg xmlns=\"http:\/\/www.w3.org\/2000\/svg\" viewBox=\"0 0 1000 100\" preserveAspectRatio=\"none\">\n\t<path class=\"elementor-shape-fill\" d=\"M421.9,6.5c22.6-2.5,51.5,0.4,75.5,5.3c23.6,4.9,70.9,23.5,100.5,35.7c75.8,32.2,133.7,44.5,192.6,49.7\n\tc23.6,2.1,48.7,3.5,103.4-2.5c54.7-6,106.2-25.6,106.2-25.6V0H0v30.3c0,0,72,32.6,158.4,30.5c39.2-0.7,92.8-6.7,134-22.4\n\tc21.2-8.1,52.2-18.2,79.7-24.2C399.3,7.9,411.6,7.5,421.9,6.5z\"\/>\n<\/svg>\t\t<\/div>\n\t\t\t\t<div class=\"elementor-shape elementor-shape-bottom\" data-negative=\"false\">\n\t\t\t<svg xmlns=\"http:\/\/www.w3.org\/2000\/svg\" viewBox=\"0 0 1000 100\" preserveAspectRatio=\"none\">\n\t<path class=\"elementor-shape-fill\" d=\"M421.9,6.5c22.6-2.5,51.5,0.4,75.5,5.3c23.6,4.9,70.9,23.5,100.5,35.7c75.8,32.2,133.7,44.5,192.6,49.7\n\tc23.6,2.1,48.7,3.5,103.4-2.5c54.7-6,106.2-25.6,106.2-25.6V0H0v30.3c0,0,72,32.6,158.4,30.5c39.2-0.7,92.8-6.7,134-22.4\n\tc21.2-8.1,52.2-18.2,79.7-24.2C399.3,7.9,411.6,7.5,421.9,6.5z\"\/>\n<\/svg>\t\t<\/div>\n\t\t\t\t\t<div class=\"elementor-container elementor-column-gap-default\">\n\t\t\t\t\t<div class=\"elementor-column elementor-col-100 elementor-top-column elementor-element elementor-element-94db4d4\" data-id=\"94db4d4\" data-element_type=\"column\">\n\t\t\t<div class=\"elementor-widget-wrap elementor-element-populated\">\n\t\t\t\t\t\t\t\t<section class=\"elementor-section elementor-inner-section elementor-element elementor-element-c148fec elementor-section-boxed elementor-section-height-default elementor-section-height-default wd-section-disabled\" data-id=\"c148fec\" data-element_type=\"section\">\n\t\t\t\t\t\t<div class=\"elementor-container elementor-column-gap-default\">\n\t\t\t\t\t<div class=\"elementor-column elementor-col-50 elementor-inner-column elementor-element elementor-element-16f8300\" data-id=\"16f8300\" data-element_type=\"column\">\n\t\t\t<div class=\"elementor-widget-wrap elementor-element-populated\">\n\t\t\t\t\t\t\t\t<div class=\"elementor-element elementor-element-01981da elementor-widget elementor-widget-wd_infobox\" data-id=\"01981da\" data-element_type=\"widget\" data-widget_type=\"wd_infobox.default\">\n\t\t\t\t<div class=\"elementor-widget-container\">\n\t\t\t\t\t\t<link rel=\"stylesheet\" id=\"wd-info-box-css\" href=\"https:\/\/www.abutment.ro\/prezentare\/wp-content\/themes\/woodmart\/css\/parts\/el-info-box.min.css?ver=6.0.4\" type=\"text\/css\" media=\"all\" \/> \t\t\t\t\t<div class=\"info-box-wrapper\">\n\t\t\t<div class=\"wd-info-box text-left box-icon-align-top box-style-bg-hover color-scheme- color-scheme-hover-light cursor-pointer\"onclick=\"window.location.href='#'\">\n\t\t\t\t\t\t\t\t\t<div class=\"box-icon-wrapper  box-with-icon box-icon-simple\">\n\t\t\t\t\t\t<div class=\"info-box-icon\">\n\t\t\t\t\t\t\t\t\t\t\t\t\t\t\t<img decoding=\"async\" src=\"https:\/\/www.abutment.ro\/prezentare\/wp-content\/uploads\/elementor\/thumbs\/shield-p7glcvosyszzzqf3geiw7ti6bs62pvad58enluayou.png\" title=\"shield\" alt=\"shield\" \/>\t\t\t\t\t\t\t\t\t\t\t\t\t<\/div>\n\t\t\t\t\t<\/div>\n\t\t\t\t\n\t\t\t\t<div class=\"info-box-content\">\n\t\t\t\t\t\n\t\t\t\t\t\t\t\t\t\t\t<h4\t\t\t\t\t\tclass=\"info-box-title title box-title-style-default wd-fontsize-m\" data-elementor-setting-key=\"title\">\n\t\t\t\t\t\t\t\tProduse certificate CE \u0219i ISO\t\t\t\t\t\t<\/h4>\n\t\t\t\t\t\n\t\t\t\t\t<div class=\"info-box-inner set-cont-mb-s reset-last-child\"\n\t\t\t\t\t\t data-elementor-setting-key=\"content\">\n\t\t\t\t\t\t<p>ISO 9001 - Sistem de management al calit\u0103\u021bii<br \/>ISO 13485 - Sistem de management al calit\u0103\u021bii \u00een produc\u021bia \u0219i comercializarea echipamentelor \u0219i dispozitivelor medicale<\/p>\n<p>\u00a0<\/p>\n<p>\u00a0 <img loading=\"lazy\" decoding=\"async\" class=\"alignnone  wp-image-11003\" src=\"https:\/\/www.abutment.ro\/prezentare\/wp-content\/uploads\/2021\/06\/200px-Conformite_Europeenne_logo.svg.png\" alt=\"\" width=\"72\" height=\"51\" \/><img loading=\"lazy\" decoding=\"async\" class=\"alignnone  wp-image-11002\" src=\"https:\/\/www.abutment.ro\/prezentare\/wp-content\/uploads\/2021\/06\/hbanner-300x197.png\" alt=\"\" width=\"105\" height=\"69\" srcset=\"https:\/\/www.abutment.ro\/prezentare\/wp-content\/uploads\/2021\/06\/hbanner-300x197.png 300w, https:\/\/www.abutment.ro\/prezentare\/wp-content\/uploads\/2021\/06\/hbanner.png 488w\" sizes=\"auto, (max-width: 105px) 100vw, 105px\" \/><\/p>\n\t\t\t\t\t<\/div>\n\t\n\t\t\t\t\t\t\t\t\t<\/div>\n\t\t\t<\/div>\n\t\t<\/div>\n\t\t\t\t<\/div>\n\t\t\t\t<\/div>\n\t\t\t\t<div class=\"elementor-element elementor-element-cbc7530 elementor-widget elementor-widget-wd_infobox\" data-id=\"cbc7530\" data-element_type=\"widget\" data-widget_type=\"wd_infobox.default\">\n\t\t\t\t<div class=\"elementor-widget-container\">\n\t\t\t\t\t<div class=\"info-box-wrapper\">\n\t\t\t<div class=\"wd-info-box text-left box-icon-align-top box-style-bg-hover color-scheme- color-scheme-hover-light cursor-pointer\"onclick=\"window.location.href='#'\">\n\t\t\t\t\t\t\t\t\t<div class=\"box-icon-wrapper  box-with-icon box-icon-simple\">\n\t\t\t\t\t\t<div class=\"info-box-icon\">\n\t\t\t\t\t\t\t\t\t\t\t\t\t\t\t<img decoding=\"async\" src=\"https:\/\/www.abutment.ro\/prezentare\/wp-content\/uploads\/elementor\/thumbs\/back-in-time-p7gnj8igom9htilowruakjoh13yldjcu926st84hzy.png\" title=\"back-in-time\" alt=\"back-in-time\" \/>\t\t\t\t\t\t\t\t\t\t\t\t\t<\/div>\n\t\t\t\t\t<\/div>\n\t\t\t\t\n\t\t\t\t<div class=\"info-box-content\">\n\t\t\t\t\t\n\t\t\t\t\t\t\t\t\t\t\t<h4\t\t\t\t\t\tclass=\"info-box-title title box-title-style-default wd-fontsize-m\" data-elementor-setting-key=\"title\">\n\t\t\t\t\t\t\t\tEconomisi\u021bi timp - tot ce ai nevoie \u00eentr-un singur loc\t\t\t\t\t\t<\/h4>\n\t\t\t\t\t\n\t\t\t\t\t<div class=\"info-box-inner set-cont-mb-s reset-last-child\"\n\t\t\t\t\t\t data-elementor-setting-key=\"content\">\n\t\t\t\t\t\t<p>Nu este o problem\u0103 de calitate, toate piesele noastre compatibile sunt certificate \u0219i fabricate folosind cele mai bune materiale \u0219i metode de fabrica\u021bie. <br \/>Este sistemul de v\u00e2nzare \"online\" care ne permite s\u0103 reducem pre\u021bul produselor, deoarece \u00een sistemul \"offline\" nu pl\u0103ti\u021bi numai pentru produse, ci \u0219i pentru a men\u021bine departamentul de v\u00e2nz\u0103ri format din directori, reprezentan\u021bi \u0219i manageri de zon\u0103.<\/p>\n<p>Agentul nostru comercial este site-ul <strong>www.abutment.ro<\/strong>, suntem mereu la dispozi\u021bia dvs., dar numai atunci c\u00e2nd ne c\u0103uta\u021bi, f\u0103r\u0103 apeluri, f\u0103r\u0103 vizite nea\u0219teptate, f\u0103r\u0103 \u00eentreruperi nesolicitate.<\/p>\n\t\t\t\t\t<\/div>\n\t\n\t\t\t\t\t\t\t\t\t<\/div>\n\t\t\t<\/div>\n\t\t<\/div>\n\t\t\t\t<\/div>\n\t\t\t\t<\/div>\n\t\t\t\t\t<\/div>\n\t\t<\/div>\n\t\t\t\t<div class=\"elementor-column elementor-col-50 elementor-top-column elementor-element elementor-element-30b54d5\" data-id=\"30b54d5\" data-element_type=\"column\">\n\t\t\t<div class=\"elementor-widget-wrap elementor-element-populated\">\n\t\t\t\t\t\t\t\t<div class=\"elementor-element elementor-element-3d491aa elementor-widget elementor-widget-wd_infobox\" data-id=\"3d491aa\" data-element_type=\"widget\" data-widget_type=\"wd_infobox.default\">\n\t\t\t\t<div class=\"elementor-widget-container\">\n\t\t\t\t\t<div class=\"info-box-wrapper\">\n\t\t\t<div class=\"wd-info-box text-left box-icon-align-top box-style-bg-hover color-scheme- color-scheme-hover-light cursor-pointer\"onclick=\"window.location.href='#'\">\n\t\t\t\t\t\t\t\t\t<div class=\"box-icon-wrapper  box-with-icon box-icon-simple\">\n\t\t\t\t\t\t<div class=\"info-box-icon\">\n\t\t\t\t\t\t\t\t\t\t\t\t\t\t\t<img decoding=\"async\" src=\"https:\/\/www.abutment.ro\/prezentare\/wp-content\/uploads\/elementor\/thumbs\/insignia-p7gmdl9vvv95fh3f39sclk09jj85cb0yuxnccvvfoe.png\" title=\"insignia\" alt=\"insignia\" \/>\t\t\t\t\t\t\t\t\t\t\t\t\t<\/div>\n\t\t\t\t\t<\/div>\n\t\t\t\t\n\t\t\t\t<div class=\"info-box-content\">\n\t\t\t\t\t\n\t\t\t\t\t\t\t\t\t\t\t<h4\t\t\t\t\t\tclass=\"info-box-title title box-title-style-default wd-fontsize-m\" data-elementor-setting-key=\"title\">\n\t\t\t\t\t\t\t\tCalitatea produselor\t\t\t\t\t\t<\/h4>\n\t\t\t\t\t\n\t\t\t\t\t<div class=\"info-box-inner set-cont-mb-s reset-last-child\"\n\t\t\t\t\t\t data-elementor-setting-key=\"content\">\n\t\t\t\t\t\t<p>Calitatea produselor este garantat\u0103 de proiectare, produc\u021bie \u0219i managementul calit\u0103\u021bii \u00een conformitate cu legisla\u021bia autorizat\u0103 a U.E.<br \/>Titanul <strong>Ti-GAL-4U-ELI<\/strong>- produc\u0103tor ZAP-Germania, este materialul utilizat cu succes pentru frabricarea bonturilor \u0219i suprastructurilor pentru implanturi dentare, datorit\u0103 proriet\u0103\u021bilor sale, cum ar fi:<\/p>\n<ul>\n<li>greutate specific\u0103 sc\u0103zut\u0103<\/li>\n<li>elasticitate ridicat\u0103<\/li>\n<li>rezisten\u021b\u0103 de greutate \u0219i coroziune<\/li>\n<li>biocompatibilitate general\u0103 excelent\u0103<\/li>\n<\/ul>\n<p>Controlul calit\u0103\u021bii se face prin:<\/p>\n<ul>\n<li>m\u0103sur\u0103tori la microscop<\/li>\n<li>teste mecanice efectuate de <strong>EndoLab\u00ae<\/strong><\/li>\n<\/ul>\n<p>Echipa din spatele acestui proces este format\u0103 din medici \u0219i ingineri, iar linia de produc\u021bie este reprezentat\u0103 de ma\u0219ini de \u00eenalt\u0103 precizie \u0219i calitate CNC. Bonturile noastre sunt 100% compatibile cu sistemele originale de implant.<\/p>\n\t\t\t\t\t<\/div>\n\t\n\t\t\t\t\t\t\t\t\t<\/div>\n\t\t\t<\/div>\n\t\t<\/div>\n\t\t\t\t<\/div>\n\t\t\t\t<\/div>\n\t\t\t\t\t<\/div>\n\t\t<\/div>\n\t\t\t\t\t\t\t<\/div>\n\t\t<\/section>\n\t\t\t\t\t<\/div>\n\t\t<\/div>\n\t\t\t\t\t\t\t<\/div>\n\t\t<\/section>\n\t\t\t\t<section class=\"elementor-section elementor-top-section elementor-element elementor-element-79323b3 elementor-section-boxed elementor-section-height-default elementor-section-height-default wd-section-disabled\" data-id=\"79323b3\" data-element_type=\"section\">\n\t\t\t\t\t\t<div class=\"elementor-container elementor-column-gap-default\">\n\t\t\t\t\t<div class=\"elementor-column elementor-col-50 elementor-top-column elementor-element elementor-element-4f07b81\" data-id=\"4f07b81\" data-element_type=\"column\">\n\t\t\t<div class=\"elementor-widget-wrap elementor-element-populated\">\n\t\t\t\t\t\t\t\t<div class=\"elementor-element elementor-element-2269fc9 elementor-widget elementor-widget-wd_infobox\" data-id=\"2269fc9\" data-element_type=\"widget\" data-widget_type=\"wd_infobox.default\">\n\t\t\t\t<div class=\"elementor-widget-container\">\n\t\t\t\t\t<div class=\"info-box-wrapper\">\n\t\t\t<div class=\"wd-info-box text-left box-icon-align-top box-style-bg-hover color-scheme- color-scheme-hover-light cursor-pointer\"onclick=\"window.location.href='#'\">\n\t\t\t\t\t\t\t\t\t<div class=\"box-icon-wrapper  box-with-icon box-icon-simple\">\n\t\t\t\t\t\t<div class=\"info-box-icon\">\n\t\t\t\t\t\t\t\t\t\t\t\t\t\t\t<img decoding=\"async\" src=\"https:\/\/www.abutment.ro\/prezentare\/wp-content\/uploads\/elementor\/thumbs\/shipped-1-p7gnj3t9qg327gsio7t5q2v626lrb1u6kexdeubgv2.png\" title=\"shipped (1)\" alt=\"shipped (1)\" \/>\t\t\t\t\t\t\t\t\t\t\t\t\t<\/div>\n\t\t\t\t\t<\/div>\n\t\t\t\t\n\t\t\t\t<div class=\"info-box-content\">\n\t\t\t\t\t\n\t\t\t\t\t\t\t\t\t\t\t<h4\t\t\t\t\t\tclass=\"info-box-title title box-title-style-default wd-fontsize-m\" data-elementor-setting-key=\"title\">\n\t\t\t\t\t\t\t\tLivrare  gratuit\u0103 \u00een 24 h oriunde \u00een \u021bar\u0103\/Bucure\u0219ti 3h\t\t\t\t\t\t<\/h4>\n\t\t\t\t\t\n\t\t\t\t\t<div class=\"info-box-inner set-cont-mb-s reset-last-child\"\n\t\t\t\t\t\t data-elementor-setting-key=\"content\">\n\t\t\t\t\t\t<p>Ave\u021bi nevoie de un singur bont sau de aprovizionarea complet\u0103?<br \/>\u00cen ambele cazuri pute\u021bi s\u0103 comanda\u021bi independent \u0219i s\u0103 primi\u021bi produsele \u00een 24-48h, la adresa preferat\u0103, \u00een \u021bar\u0103 \u0219i 3h \u00een Bucure\u0219ti, cu tax\u0103 contra-cost. Nu exista\u00a0 cantit\u0103\u021bi sau sume minime de achizi\u021bie, comanda\u021bi \u0219i livr\u0103m indiferent de nivelul dvs. de urgen\u021b\u0103.<\/p>\n\t\t\t\t\t<\/div>\n\t\n\t\t\t\t\t\t\t\t\t<\/div>\n\t\t\t<\/div>\n\t\t<\/div>\n\t\t\t\t<\/div>\n\t\t\t\t<\/div>\n\t\t\t\t\t<\/div>\n\t\t<\/div>\n\t\t\t\t<div class=\"elementor-column elementor-col-50 elementor-top-column elementor-element elementor-element-3c46ca1\" data-id=\"3c46ca1\" data-element_type=\"column\">\n\t\t\t<div class=\"elementor-widget-wrap elementor-element-populated\">\n\t\t\t\t\t\t\t\t<div class=\"elementor-element elementor-element-2f71a27 elementor-widget elementor-widget-wd_infobox\" data-id=\"2f71a27\" data-element_type=\"widget\" data-widget_type=\"wd_infobox.default\">\n\t\t\t\t<div class=\"elementor-widget-container\">\n\t\t\t\t\t<div class=\"info-box-wrapper\">\n\t\t\t<div class=\"wd-info-box text-left box-icon-align-top box-style-bg-hover color-scheme- color-scheme-hover-light cursor-pointer\"onclick=\"window.location.href='#'\">\n\t\t\t\t\t\t\t\t\t<div class=\"box-icon-wrapper  box-with-icon box-icon-simple\">\n\t\t\t\t\t\t<div class=\"info-box-icon\">\n\t\t\t\t\t\t\t\t\t\t\t\t\t\t\t<img decoding=\"async\" src=\"https:\/\/www.abutment.ro\/prezentare\/wp-content\/uploads\/elementor\/thumbs\/customer-service-2-p7gmg4g8aspypnezav75tezz5wqr2y2xjgxfwq48wu.png\" title=\"customer-service (2)\" alt=\"customer-service (2)\" \/>\t\t\t\t\t\t\t\t\t\t\t\t\t<\/div>\n\t\t\t\t\t<\/div>\n\t\t\t\t\n\t\t\t\t<div class=\"info-box-content\">\n\t\t\t\t\t\n\t\t\t\t\t\t\t\t\t\t\t<h4\t\t\t\t\t\tclass=\"info-box-title title box-title-style-default wd-fontsize-m\" data-elementor-setting-key=\"title\">\n\t\t\t\t\t\t\t\tSuport tehnic - oferit de un specialist \u00een domeniu\t\t\t\t\t\t<\/h4>\n\t\t\t\t\t\n\t\t\t\t\t<div class=\"info-box-inner set-cont-mb-s reset-last-child\"\n\t\t\t\t\t\t data-elementor-setting-key=\"content\">\n\t\t\t\t\t\t<ul>\n<li>Este gratuit<\/li>\n<li>Pute\u021bi discuta cu noi despre o solu\u021bie personalizat\u0103 pentru laborator sau clinic\u0103.<\/li>\n<\/ul>\n\t\t\t\t\t<\/div>\n\t\n\t\t\t\t\t\t\t\t\t<\/div>\n\t\t\t<\/div>\n\t\t<\/div>\n\t\t\t\t<\/div>\n\t\t\t\t<\/div>\n\t\t\t\t\t<\/div>\n\t\t<\/div>\n\t\t\t\t\t\t\t<\/div>\n\t\t<\/section>\n\t\t\t\t\t\t<\/div>\n\t\t\t\t\t<\/div>\n\t\t","protected":false},"excerpt":{"rendered":"<p>ECHIPA ABUTMENT Beneficiile colabor\u0103rii cu noi Produse certificate CE \u0219i ISO ISO 9001 &#8211; Sistem de management al calit\u0103\u021biiISO 13485<\/p>\n","protected":false},"author":1,"featured_media":0,"parent":0,"menu_order":0,"comment_status":"closed","ping_status":"closed","template":"","meta":{"footnotes":""},"class_list":["post-10022","page","type-page","status-publish","hentry"],"_links":{"self":[{"href":"https:\/\/www.abutment.ro\/prezentare\/wp-json\/wp\/v2\/pages\/10022","targetHints":{"allow":["GET"]}}],"collection":[{"href":"https:\/\/www.abutment.ro\/prezentare\/wp-json\/wp\/v2\/pages"}],"about":[{"href":"https:\/\/www.abutment.ro\/prezentare\/wp-json\/wp\/v2\/types\/page"}],"author":[{"embeddable":true,"href":"https:\/\/www.abutment.ro\/prezentare\/wp-json\/wp\/v2\/users\/1"}],"replies":[{"embeddable":true,"href":"https:\/\/www.abutment.ro\/prezentare\/wp-json\/wp\/v2\/comments?post=10022"}],"version-history":[{"count":79,"href":"https:\/\/www.abutment.ro\/prezentare\/wp-json\/wp\/v2\/pages\/10022\/revisions"}],"predecessor-version":[{"id":11339,"href":"https:\/\/www.abutment.ro\/prezentare\/wp-json\/wp\/v2\/pages\/10022\/revisions\/11339"}],"wp:attachment":[{"href":"https:\/\/www.abutment.ro\/prezentare\/wp-json\/wp\/v2\/media?parent=10022"}],"curies":[{"name":"wp","href":"https:\/\/api.w.org\/{rel}","templated":true}]}}