{"id":11220,"date":"2021-06-05T19:27:35","date_gmt":"2021-06-05T19:27:35","guid":{"rendered":"https:\/\/www.abutment.ro\/?page_id=11220"},"modified":"2021-06-05T19:30:13","modified_gmt":"2021-06-05T19:30:13","slug":"categorii-produse","status":"publish","type":"page","link":"https:\/\/www.abutment.ro\/prezentare\/categorii-produse\/","title":{"rendered":"Categorii produse"},"content":{"rendered":"\t\t<div data-elementor-type=\"wp-page\" data-elementor-id=\"11220\" class=\"elementor elementor-11220\" data-elementor-settings=\"[]\">\n\t\t\t\t\t\t\t<div class=\"elementor-section-wrap\">\n\t\t\t\t\t\t\t<section class=\"elementor-section elementor-top-section elementor-element elementor-element-ae19c09 elementor-section-boxed elementor-section-height-default elementor-section-height-default wd-section-disabled\" data-id=\"ae19c09\" data-element_type=\"section\">\n\t\t\t\t\t\t<div class=\"elementor-container elementor-column-gap-default\">\n\t\t\t\t\t<div class=\"elementor-column elementor-col-100 elementor-top-column elementor-element elementor-element-42c7631\" data-id=\"42c7631\" data-element_type=\"column\">\n\t\t\t<div class=\"elementor-widget-wrap elementor-element-populated\">\n\t\t\t\t\t\t\t\t<div class=\"elementor-element elementor-element-70e7993 elementor-widget elementor-widget-spacer\" data-id=\"70e7993\" data-element_type=\"widget\" data-widget_type=\"spacer.default\">\n\t\t\t\t<div class=\"elementor-widget-container\">\n\t\t\t\t\t<div class=\"elementor-spacer\">\n\t\t\t<div class=\"elementor-spacer-inner\"><\/div>\n\t\t<\/div>\n\t\t\t\t<\/div>\n\t\t\t\t<\/div>\n\t\t\t\t\t<\/div>\n\t\t<\/div>\n\t\t\t\t\t\t\t<\/div>\n\t\t<\/section>\n\t\t\t\t<section class=\"elementor-section elementor-top-section elementor-element elementor-element-f03eb41 elementor-section-boxed elementor-section-height-default elementor-section-height-default wd-section-disabled\" data-id=\"f03eb41\" data-element_type=\"section\">\n\t\t\t\t\t\t<div class=\"elementor-container elementor-column-gap-default\">\n\t\t\t\t\t<div class=\"elementor-column elementor-col-100 elementor-top-column elementor-element elementor-element-7b88ce0\" data-id=\"7b88ce0\" data-element_type=\"column\">\n\t\t\t<div class=\"elementor-widget-wrap elementor-element-populated\">\n\t\t\t\t\t\t\t\t<div class=\"elementor-element elementor-element-81ea6a1 elementor-widget elementor-widget-heading\" data-id=\"81ea6a1\" data-element_type=\"widget\" data-widget_type=\"heading.default\">\n\t\t\t\t<div class=\"elementor-widget-container\">\n\t\t\t<h2 class=\"elementor-heading-title elementor-size-default\">Categorii produse<\/h2>\t\t<\/div>\n\t\t\t\t<\/div>\n\t\t\t\t\t<\/div>\n\t\t<\/div>\n\t\t\t\t\t\t\t<\/div>\n\t\t<\/section>\n\t\t\t\t<section class=\"elementor-section elementor-top-section elementor-element elementor-element-0b83a36 elementor-section-boxed elementor-section-height-default elementor-section-height-default wd-section-disabled\" data-id=\"0b83a36\" data-element_type=\"section\">\n\t\t\t\t\t\t<div class=\"elementor-container elementor-column-gap-default\">\n\t\t\t\t\t<div class=\"elementor-column elementor-col-100 elementor-top-column elementor-element elementor-element-27334aa\" data-id=\"27334aa\" data-element_type=\"column\">\n\t\t\t<div class=\"elementor-widget-wrap elementor-element-populated\">\n\t\t\t\t\t\t\t\t<div class=\"elementor-element elementor-element-b3abd93 color-scheme-inherit text-left elementor-widget elementor-widget-text-editor\" data-id=\"b3abd93\" data-element_type=\"widget\" data-widget_type=\"text-editor.default\">\n\t\t\t\t<div class=\"elementor-widget-container\">\n\t\t\t\t\t\t\t\t<p>Suprastructurile noastre sunt proiectate pentru a se potrivi perfect cu alte sisteme \u0219i instrumente de la brandurile originale.\u00a0Exist\u0103 o gam\u0103 larg\u0103 de suprastructuri, a c\u0103ror interfa\u021b\u0103 poate fi aleas\u0103 \u00een func\u021bie de sistemul dorit.\u00a0<\/p><p>CAPE DE VINDECARE\u00a0 Func\u021bia sa este de a asigura o vindecare corect\u0103, a tesutului gingival,urmarind forma anatomica \u00eentr-o l\u0103\u021bime corespunz\u0103toare diametrului implantului.<\/p><p>ANALOG\u00a0\u00a0 Func\u021bia unui implant tehnic este transpunere a\u00a0 implantului \u00a0\u00eentr -un model realizat\u00a0 ipsos sau alt material pentru realizarea protezei.<\/p><p>TRANSFER Un dispozitiv pentru preg\u0103tirea modelului de lucru, care poate fi utilizat \u00een cazul unei linguri de prelevare \u00eenchisa sau deschisa,<\/p><p>BONTURI CALCINABILE CU HEX SAU FARA HEX\u00a0 \u00cen cazul pun\u021bilor turnate, este necesar un element de modelare pozi\u021bionat pentru realizarea matri\u021bei, \u00een jurul c\u0103ruia se face forma anatomica a dintelui.<\/p><p>BONTURI CALCINABILE CU BAZA Co-Cr CU HEX SAU FARA HEX\u00a0 Un element combinat, a c\u0103rui baza \u00a0se potrive\u0219te implantului \u0219i este realizat\u0103 din material Co-Cr.\u00a0La turnare, metalului,baza de Co-Cr \u00eencorporata \u00een matri\u021b\u0103 se uneste cu materialul turnat.<\/p><p>BONTURI TEMPORARE CALCINABILE CU HEX SAU NON HEX Suprastructur\u0103 din plastic pozi\u021bionat\u0103 pentru realizarea protezelor temporare.<\/p><p>BONTURI TEMPORARE DIN TITAN CU HEX SAU NON HEX Suprastructur\u0103 din titan pozi\u021bionat\u0103 pentru realizarea protezelor temporare.<\/p><p>BONTURI DREPTE DIN TITAN PENTRU LUCRARI CIMENTATE Capul drept \u00eengust este folosit pentru a face o protez\u0103 cimentata care necesit\u0103 pu\u021bin spa\u021biu.<\/p><p>BONTURI ANGULATE DIN TITAN PENTRU LUCRARI CIMENTATE Pentru realizarea unei proteze cimentate cu un spa\u021biu mic, pot fi utilizate dac\u0103 axa implantului se abate cu 15-25 \u00b0 de axul din\u021bilor naturali.<\/p><p>BONTURI CU BILA\u00a0 Dispozitive de fixare dentare deta\u0219abile cu cap sferic de titan, disponibile \u00een mai multe dimensiuni.<\/p><p>BONT LOCATOR Dispozitiv de fixare dentar din titan, deta\u0219abil cu flan\u0219\u0103 toroidal\u0103,disponibil in diferite dimensiuni.<\/p><p>SET CAPSE<\/p><p>BONT MULTI-UNIT DREPT Datorit\u0103 capului conic redus, proteza poate fi plasat\u0103 \u0219i pe implanturile paracentrice cu o potrivire precis\u0103, care se fixeaz\u0103 cu un \u0219urub.Disponibil in diferite dimensiuni<\/p><p>BONT MULTI-UNIT ANGULAT Dispozitiv dezvoltat pentru abateri angulare mari (&gt; 17\u00a0 ,30 \u00b0).\u00a0Poate fi ata\u0219at la implant cu un \u0219urub de trecere, iar proteza poate fi ata\u0219at\u0103 la\u00a0 conul pilonului cu un \u0219urub .Disponibil in diferite dimensiuni.<\/p><p>BAZE DIN TITAN SAU CALCINABILE PENTRU MULTI-UNIT DREPT SAU ANGULAT<\/p><p>ELEMENTE CAD-CAM<\/p><p>BAZA DE TITAN CU HEX SI NON HEX Asigur\u0103 o conexiune precis\u0103 \u00eentre implant \u0219i protez\u0103 dac\u0103 materialul de baz\u0103 al protezei nu ofer\u0103 stabilitate adecvat\u0103.\u00a0De obicei utilizat pentru proteze din plastic \u0219i zircon.<\/p><p>BONTUL DE SCANARE PREVAZUT PENTRU\u00a0 LABORATOR SAU CABINET<\/p><p>Suprastructur\u0103 utilizat\u0103 pentru tehnologia CAD-CAM, scanare, \u00een principal pentru coroane solo.\u00a0Este folosit pentru a determina pozi\u021bia implantului \u00een gur\u0103.<\/p>\t\t\t\t\t\t<\/div>\n\t\t\t\t<\/div>\n\t\t\t\t\t<\/div>\n\t\t<\/div>\n\t\t\t\t\t\t\t<\/div>\n\t\t<\/section>\n\t\t\t\t\t\t<\/div>\n\t\t\t\t\t<\/div>\n\t\t","protected":false},"excerpt":{"rendered":"<p>Categorii produse Suprastructurile noastre sunt proiectate pentru a se potrivi perfect cu alte sisteme \u0219i instrumente de la brandurile originale.\u00a0Exist\u0103<\/p>\n","protected":false},"author":1,"featured_media":0,"parent":0,"menu_order":0,"comment_status":"closed","ping_status":"closed","template":"elementor_header_footer","meta":{"footnotes":""},"class_list":["post-11220","page","type-page","status-publish","hentry"],"_links":{"self":[{"href":"https:\/\/www.abutment.ro\/prezentare\/wp-json\/wp\/v2\/pages\/11220","targetHints":{"allow":["GET"]}}],"collection":[{"href":"https:\/\/www.abutment.ro\/prezentare\/wp-json\/wp\/v2\/pages"}],"about":[{"href":"https:\/\/www.abutment.ro\/prezentare\/wp-json\/wp\/v2\/types\/page"}],"author":[{"embeddable":true,"href":"https:\/\/www.abutment.ro\/prezentare\/wp-json\/wp\/v2\/users\/1"}],"replies":[{"embeddable":true,"href":"https:\/\/www.abutment.ro\/prezentare\/wp-json\/wp\/v2\/comments?post=11220"}],"version-history":[{"count":8,"href":"https:\/\/www.abutment.ro\/prezentare\/wp-json\/wp\/v2\/pages\/11220\/revisions"}],"predecessor-version":[{"id":11231,"href":"https:\/\/www.abutment.ro\/prezentare\/wp-json\/wp\/v2\/pages\/11220\/revisions\/11231"}],"wp:attachment":[{"href":"https:\/\/www.abutment.ro\/prezentare\/wp-json\/wp\/v2\/media?parent=11220"}],"curies":[{"name":"wp","href":"https:\/\/api.w.org\/{rel}","templated":true}]}}